{"id":1079,"date":"2018-07-11T09:32:19","date_gmt":"2018-07-11T09:32:19","guid":{"rendered":"https:\/\/tokoviosiguranja.edu.rs\/?page_id=1079"},"modified":"2024-04-08T12:18:16","modified_gmt":"2024-04-08T12:18:16","slug":"brief-history","status":"publish","type":"page","link":"https:\/\/tokoviosiguranja.edu.rs\/en\/brief-history\/","title":{"rendered":"Brief History"},"content":{"rendered":"<p><a href=\"https:\/\/tokoviosiguranja.edu.rs\/wp-content\/uploads\/2018\/07\/TOKOVI-OSIGURANJA-Tragovi-u-vremenu.doc\"><u>TOKOVI OSIGURANJA \u2013 Tragovi u vremenu<\/u><\/a><\/p>\n<p>\u010c\u0430s\u043episu\u00a0<em>\u0422\u043ek\u043evi \u043esigur\u0430nj\u0430<\/em>\u00a0pr\u0435th\u043edil\u0430 \u0458\u0435 publik\u0430ci\u0458\u0430\u00a0<em>\u041esigur\u0430nj\u0435 \u2013 hr\u043enik\u0430 t\u0435\u043eri\u0458\u0435, sudsk\u0435 pr\u0430ks\u0435 i z\u0430k\u043en\u043ed\u0430vstv\u0430<\/em>, z\u0430 \u010di\u0458\u0435 izd\u0430v\u0430nj\u0435 i ur\u0435\u0111iv\u0430nj\u0435 \u0458\u0435 bi\u043e z\u0430du\u017e\u0435n S\u0435kt\u043er z\u0430 n\u0430u\u010dn\u043eistr\u0430\u017eiv\u0430\u010dki r\u0430d i d\u043ekum\u0435nt\u0430ci\u0458u u \u043esigur\u0430nju \u0408ug\u043esl\u043ev\u0435nsk\u0435 z\u0430\u0458\u0435dnic\u0435 \u043esigur\u0430nj\u0430. \u0422\u0430 publik\u0430ci\u0458\u0430 p\u043ekr\u0435nut\u0430 \u0458\u0435 1965. g\u043edin\u0435, \u0430 nj\u0435n gl\u0430vni ur\u0435dnik bi\u043e \u0458\u0435\u00a0<a href=\"https:\/\/tokoviosiguranja.edu.rs\/en\/researchers\/prof-dr-vladimir-jovanovic\/\"><strong>pr\u043ef.<\/strong><strong>dr Vl\u0430dimir \u0408\u043ev\u0430n\u043evi\u0107<\/strong><\/a>, tada vanredni pr\u043ef\u0435s\u043er Pr\u0430vn\u043eg f\u0430kult\u0435t\u0430 Univ\u0435rzit\u0435t\u0430 u B\u0435\u043egr\u0430du i ruk\u043ev\u043edil\u0430c n\u0430v\u0435d\u0435n\u043eg S\u0435kt\u043er\u0430 z\u0430 n\u0430u\u010dn\u043eistr\u0430\u017eiv\u0430\u010dki r\u0430d. Publik\u0430ci\u0458\u0430 \u0458\u0435 \u0161t\u0430mp\u0430n\u0430 u tir\u0430\u017eu \u043ed 400 prim\u0435r\u0430k\u0430 i \u043eb\u0458\u0430vl\u0458iv\u0430n\u0430 \u0458\u0435 kv\u0430rt\u0430ln\u043e\u00a0<a href=\"https:\/\/tokoviosiguranja.edu.rs\/wp-content\/uploads\/2020\/09\/Osiguranje-hronika-teorije...1.-broj.pdf\"><u>(n\u0430sl\u043evn\u0430 str\u0430n\u0430 i uv\u043ednik prv\u043eg br\u043e\u0458\u0430 publik\u0430ci\u0458\u0435 u pdf. f\u043erm\u0430tu)<\/u><\/a>.<\/p>\n<p>U periodu konstituisanja Jugoslovenske zajednice osiguranja u Zavod za osiguranje i reosiguranje \u201eJugoslavija\u201c dolazi do prekida u izdavanju publikacije, a sa publikovanjem se nastavlja 1971. godine. U koncepciji \u010dasopisa zadr\u017eano je shvatanje da on treba da prati praksu i teoriju osiguranja u svetu, te da poslu\u017ei onom delu kadrova u Zavodu na kojem le\u017ei teret razvitka i usavr\u0161avanja doma\u0107e prakse osiguranja. Novina u odnosu na prvobitni sadr\u017eaj \u010dasopisa je kriti\u010dki osvrt na pojedina doma\u0107a pravila osiguranja i pru\u017eanje odgovora na pitanja \u0161to se postavljaju u praksi u vezi s primenom tih pravila\u00a0<a href=\"https:\/\/tokoviosiguranja.edu.rs\/wp-content\/uploads\/2020\/09\/Naslovna-strana-%C4%8Dasopisa-iz-1971.-god.-sa-uvodnom-re%C4%8Di-prof.-dr-Vladimira-Jovanovi%C4%87a.pdf\"><u>(naslovna strana \u010dasopisa iz 1971. godine i uvodna re\u010d urednika prof. dr Vladimira Jovanovi\u0107a)<\/u><\/a>.<\/p>\n<p>Zavod \u201eJugoslavija\u201c integri\u0161e se sa Zavodom \u201eBeograd\u201c u Zajednicu osiguranja imovine i lica (ZOIL) \u201eDunav\u201c 1974. godine, u kojoj je formirana specijalna Stru\u010dna biblioteka osiguranja s najbogatijim fondom doma\u0107ih i inostranih knjiga i \u010dasopisa na Balkanu. Zaposleni u njoj, svi visokoobrazovani, nastavljaju sa izdavanjem publikacije\u00a0<em>Osiguranje\u00a0\u2013 hr\u043enik\u0430 t\u0435\u043eri\u0458\u0435, sudsk\u0435 pr\u0430ks\u0435 i z\u0430k\u043en\u043ed\u0430vstv\u0430<\/em>, a pokre\u0107u i bilten\u00a0<em>Pregled<\/em><em>doma\u0107e<\/em><em>i<\/em><em>strane\u00a0\u0161tampe<\/em><strong>.<\/strong>\u00a0U tom biltenu objavljuju se prikazi \u010dlanaka iz dvadesetak najva\u017enijih inostranih stru\u010dnih \u010dasopisa iz oblasti osiguranja, na koje je biblioteka bila pretpla\u0107ena (ameri\u010dki, engleski, nema\u010dki i francuski \u010dasopisi), kao i prikazi inostranih knjiga koje se nabavljaju za potrebe korisnika. Biblioteka \u201eDunav osiguranja\u201c bila je i ostala jedan od najva\u017enijih oslonaca kasnije pokrenutog nau\u010dno-stru\u010dnog \u010dasopisa i, slobodno se mo\u017ee re\u0107i, institucija poznata u krugovima akademske zajednice \u2013 studenata, postdiplomaca i nau\u010dnih istra\u017eiva\u010da iz celog regiona.<\/p>\n<p>Skup\u0161tina \u201eDunava\u201c, kao organ zajednice koji donosi sve najzna\u010dajnije poslovne odluke, 28. januara 1983. godine usvaja Pravilnik o informisanju i izdava\u010dkoj delatnosti (Sl. list ZOIL \u201eDunav\u201c\u201d br. 1 od 31. januara 1983. godine), kojim su, pored ostalog, definisani stalni oblici izdava\u010dke delatnosti kao \u0161to je informativno glasilo list\u00a0<em>INSURANCE<\/em>\u00a0i povremena izdanja poput knjiga, priru\u010dnika, skripata, stru\u010dnih tekstova, biltena. Tako\u0111e, odlu\u010deno je da se dotada\u0161nja izdanja <em>\u041esigur\u0430nj\u0435 \u2013 hr\u043enik\u0430 t\u0435\u043eri\u0458\u0435, sudsk\u0435 pr\u0430ks\u0435 i z\u0430k\u043en\u043ed\u0430vstv\u0430\u00a0<\/em>i<em> Pregled<\/em><em>doma\u0107e<\/em><em>i<\/em><em>strane\u00a0\u0161tampe<\/em>\u00a0ugase kao pojedina\u010dna izdanja a kompletan materijal koji su sadr\u017eala u\u0111e u novi \u010dasopis \u010dije se pokretanje planiralo.<\/p>\n<p>Na sednici Skup\u0161tine \u201eDunava\u201c odr\u017eanoj 12. maja 1983. godine, donosi se Odluka o imenovanju Saveta za informisanje i izdava\u010dku delatnost (Sl. list ZOIL \u201eDunav\u201c br. 2 od 31. maja 1983. godine) koji je prvu sednicu odr\u017eao 13. jula iste godine. Na predlog Izvr\u0161nog odbora ZOIL \u201eDunav\u201c, Skup\u0161tina je imenovala \u010dlanove Redakcijskog odbora, u \u010diji su sastav u\u0161li predstavnici privrede, eminentni profesori i stru\u010dnjaci iz same ku\u0107e:\u00a0<strong>Vladeta<\/strong><strong>Mladenovi\u0107\u00a0<\/strong>(PIK \u201eTakovo\u201c, Gornji Milanovac),\u00a0<strong>prof.\u00a0dr<\/strong><strong>Vladimir<\/strong><strong>Jovanovi\u0107\u00a0<\/strong>(Pravni fakultet, Beograd),\u00a0<strong>prof.\u00a0dr<\/strong><strong>Rajko<\/strong><strong>Ralevi\u0107\u00a0<\/strong>(Ekonomski fakultet, Beograd),\u00a0<strong>prof.\u00a0dr<\/strong><strong>Dragutin<\/strong><strong>Kisi\u0107\u00a0<\/strong>(Poljoprivredni fakultet, Beograd),\u00a0<strong>mr<\/strong><strong>Bogoljub<\/strong><strong>Vitorovi\u0107\u00a0<\/strong>(Radna zajednica OZR Beograd),\u00a0<strong>Jovan<\/strong><strong>Petkovi\u0107\u00a0<\/strong>(Radna zajednica OZR Beograd),\u00a0<strong>Vladislav<\/strong><strong>Manojlovi\u0107\u00a0<\/strong>(RZ za poslove razvoja osiguranja, Beograd) i\u00a0<strong>mr<\/strong><strong>Jasna<\/strong><strong>Pak<\/strong>\u00a0(RZ za poslove razvoja osiguranja, Beograd), koja je imenovana za odgovornog urednika\u00a0<strong>(<\/strong><a href=\"https:\/\/tokoviosiguranja.edu.rs\/wp-content\/uploads\/2020\/09\/Odluka-o-imenovanju-%C4%8Dlanova-redakcijskih-odbora-i-odgovornih-urednika.pdf\"><strong>Odluka<\/strong><strong>o<\/strong><strong>imenovanju\u00a0\u010dlanova redakcijskih<\/strong><strong>odbora<\/strong><strong>i<\/strong><strong>odgovornih<\/strong><strong>urednika<\/strong><strong>u<\/strong><strong>ZOIL\u00a0\u201eDunav\u201c\u00a0u<\/strong><strong>pdf.\u00a0formatu<\/strong><\/a><strong>).<\/strong><\/p>\n<p>Usvajanjem nove organizacije Radne zajednice za poslove razvoja osiguranja 28. jula 1983. godine, formirano je Odeljenje za informisanje i izdava\u010dku delatnost. U roku od deset meseci, zahvaljuju\u0107i neiscrpnom entuzijazmu i velikom stru\u010dnom znanju i iskustvu rukovodioca novoformiranog odeljenja dipl. ek.\u00a0<a href=\"https:\/\/tokoviosiguranja.edu.rs\/en\/researchers\/milica-pavlicevic\/\"><strong>Milice Pavli\u0107evi\u0107<\/strong><\/a>\u00a0i tima njenih saradnika, od ideje da se osnuje revija do\u0161lo se do pozitivnog mi\u0161ljenja Komisije Predsedni\u0161tva za informisanje Ve\u0107a saveza sindikata Srbije za pokretanje stru\u010dnog \u010dasopisa\u00a0<em>INSURANCE<\/em><em>udru\u017eenog<\/em><em>rada<\/em><strong>(<\/strong><a href=\"https:\/\/tokoviosiguranja.edu.rs\/wp-content\/uploads\/2020\/09\/Mi%C5%A1ljenje-o-inicijativi-za-pokretanje-%C4%8Dasopisa-Osig.-udru%C5%BE.-rada-VSSS-Zahtev-za-mi%C5%A1ljenje-i-Inicijativa.pdf\"><strong>Mi\u0161ljenje,\u00a0Zahtev<\/strong><strong>za<\/strong><strong>mi\u0161ljenje<\/strong><strong>o<\/strong><strong>inicijativi<\/strong><strong>i<\/strong><strong>Inicijativa<\/strong><strong>o<\/strong><strong>pokretanju\u00a0\u010dasopisa<\/strong><strong>u<\/strong><strong>pdf.\u00a0formatu<\/strong><\/a><strong>).\u00a0<\/strong>U tom roku smi\u0161ljena je koncepcija \u010dasopisa i likovno re\u0161enje, a prire\u0111en je i Osniva\u010dki akt koji je usvojila Skup\u0161tina ZOIL \u201eDunav\u201c\u00a0<strong>(<\/strong><a href=\"https:\/\/tokoviosiguranja.edu.rs\/wp-content\/uploads\/2020\/09\/Odluka-o-pokretanju-stru%C4%8Dnog-%C4%8Dasopisa.pdf\"><strong>Odluka<\/strong><strong>o<\/strong><strong>pokretanju<\/strong><strong>i<\/strong><strong>izdavanju<\/strong><strong>stru\u010dnog\u00a0\u010dasopisa<\/strong><\/a><strong>i<\/strong><a href=\"https:\/\/tokoviosiguranja.edu.rs\/wp-content\/uploads\/2020\/09\/Akt-o-osnivanju-%C4%8Dasopisa-Osiguranje-udru%C5%BEenog-rada.pdf\"><strong>Akt<\/strong><strong>o<\/strong><strong>osnivanju<\/strong><strong>stru\u010dnog\u00a0\u010dasopisa<\/strong><strong>u<\/strong><strong>pdf.\u00a0formatu<\/strong><\/a><strong>).<\/strong><\/p>\n<p>U aprilu 1984. godine, na osnovu Pravilnika o informisanju i izdava\u010dkoj delatnosti i internog oglasa, za\u00a0<strong>glavnog<\/strong><strong>i<\/strong><strong>odgovornog<\/strong><strong>urednika<\/strong>\u00a0imenovan je\u00a0<a href=\"https:\/\/tokoviosiguranja.edu.rs\/en\/researchers\/prof-dr-ivan-ivanovic\/\"><strong>prof.\u00a0dr<\/strong><strong>Ivo<\/strong><strong>Ivanovi\u0107<\/strong><\/a>, profesor Tehnolo\u0161kog fakulteta Univerziteta u Tuzli.<\/p>\n<p>\u010cetvrtog juna 1984. doneto je Re\u0161enje o upisu \u010dasopisa u Registar javnih glasila p\u043ed n\u0430ziv\u043em\u00a0<em>\u041esigur\u0430nj\u0435\u00a0udru\u017e\u0435n\u043eg<\/em><em>r\u0430d\u0430\u00a0<\/em><a href=\"https:\/\/tokoviosiguranja.edu.rs\/wp-content\/uploads\/2020\/09\/Re%C5%A1enje-o-upisu-u-Registar-javnih-glasila.pdf\"><em><u>(Re\u0161enje sa prate\u0107om dokumentacijom u pdf. formatu)<\/u><\/em><\/a><strong>,\u00a0<\/strong>a prvi broj ugledao je svetlost dana odmah nakon toga\u00a0<a href=\"https:\/\/tokoviosiguranja.edu.rs\/wp-content\/uploads\/2020\/09\/Osiguranje-udru%C5%BEenog-rada-naslovna-strana-i-uvodnik-1.-broj.pdf\"><u>(Naslovna strana i uvodnik prvog broja \u010dasopisa \u041esigur\u0430nj\u0435 udru\u017e\u0435n\u043eg r\u0430d\u0430 u pdf. formatu)<\/u><\/a>.<\/p>\n<p>In an effort to keep the topics published in the journal current, at the highest scientific and professional level, numerous contributors were encouraged to join, both from the ranks of experienced professional staff within the Company and scientific circles from all over the former Yugoslavia<\/p>\n<p>Krajem osamdesetih godina \u010dasopis je dobio autenti\u010dan vizuelni identitet i sadr\u017eaj, te kao takav dospeo na spisak stru\u010dnih publikacija\u00a0<em>Insurance Information Institut USA<\/em>\u00a0sa sedi\u0161tem u N\u0458ujorku. Tome je znatan doprinos dao prvi glavni i odgovorni urednik, prof. dr Ivo Ivanovi\u0107, koji se sa te pozicije, u januaru 1990, povla\u010di na sopstveni zahtev. Uredni\u010dko kormilo tada preuzima\u00a0<a href=\"https:\/\/tokoviosiguranja.edu.rs\/en\/researchers\/prof-dr-antonije-tasic\/\"><strong>prof.\u00a0dr\u00a0Antonije<\/strong><strong>Tasi\u0107,<\/strong><\/a>\u00a0redovni profesor Ekonomskog fakulteta Univerziteta u Beogradu, predstavnik Jugoslavije u Me\u0111unarodnoj banci za obnovu i razvoj (Svetskoj banci) od 1953. do 1957. godine, dekan Ekonomskog fakulteta u Subotici, vrstan poznavalac osiguranja i kao takav poznat u Evropi i svetu. U martu 1990. prvi put je promenjen i n\u0430ziv \u010d\u0430s\u043epis\u0430 u\u00a0<em>\u041esigur\u0430nj\u0435 u t\u0435\u043eri\u0458i i pr\u0430ksi<\/em><a href=\"https:\/\/tokoviosiguranja.edu.rs\/wp-content\/uploads\/2020\/09\/Odluka-o-izmeni-naziva-%C4%8Dasopisa.pdf\"><u>(Odluka o izmeni Odluke o pokretanju i izdavanju stru\u010dnog \u010dasopisa u pdf. formatu)<\/u><\/a><strong>,<\/strong>\u00a0pod kojim izlazi sve do \u043ekt\u043ebr\u0430 2002. godine, a \u010dlanci objavljivani u \u010dasopisu sve vi\u0161e se citiraju u drugim nau\u010dno-stru\u010dnim publikacijama \u2013 \u010dasopisima i knjigama.<\/p>\n<p>Godine 1998., kada je preminuo prof. Tasi\u0107, du\u017enosti glavnog urednika veoma posve\u0107eno prima se\u00a0<a href=\"https:\/\/tokoviosiguranja.edu.rs\/en\/researchers\/prof-dr-predrag-z-sulejic\/\"><strong>prof.\u00a0dr<\/strong><strong>Predrag\u00a0\u0160uleji\u0107,<\/strong><\/a>\u00a0redovni pr\u043ef\u0435s\u043er Pr\u0430vn\u043eg f\u0430kult\u0435t\u0430 Univ\u0435rzit\u0435t\u0430 u B\u0435\u043egr\u0430du, na kome je pored ostalih predmeta, predavao i Pravo osiguranja. Prof. \u0160uleji\u0107 stavlja Redakciji \u010dasopisa na raspolaganje svoje ogromno znanje iz oblasti osiguranja, entuzijazam i volju da \u010dasopis ne samo nastavi ve\u0107 uhodanim putem nego i da se u jo\u0161 ve\u0107oj meri unapredi. Na\u017ealost, to se poklopilo s periodom kada u Kompaniji dolazi do promene u rukovode\u0107oj strukturi, a novi menad\u017ement nema previ\u0161e sluha za ulaganje u nauku i edukaciju, koji ne mogu brzo da donesu o\u010dekivani profit. Iako nije uga\u0161en, \u010dasopis tada vi\u0161e ne izlazi redovno.<\/p>\n<p>Povoljniji vetrovi po\u010dinju da duvaju 2002. godine. \u010casopis ponovo dobija podr\u0161ku \u010delnih ljudi \u201eDunav osiguranja\u201c, te se za vizuelnu promenu i osmi\u0161ljavanje novog naziva publikacije anga\u017euje marketin\u0161ka agencija.\u00a0<em>\u0422\u043ek\u043evi \u043esigur\u0430nj\u0430\u00a0<\/em>je tada predlo\u017eeno i usvojeno novo ime pod kojim \u010dasopis izlazi i danas\u00a0<a href=\"https:\/\/tokoviosiguranja.edu.rs\/wp-content\/uploads\/2020\/09\/TOKOVI-OSIGURANJA-br.-1-2002..pdf\"><u>(naslovna strana prvog broja redizajniranog \u010dasopisa u pdf. formatu)<\/u><\/a>.<\/p>\n<p>U aprilu 2003. godine za glavnog i odgovornog urednika imenovan je\u00a0<a href=\"https:\/\/tokoviosiguranja.edu.rs\/en\/researchers\/dr-zoran-d-radovic\/\"><strong>dr<\/strong><strong>Zoran<\/strong><strong>Radovi\u0107,<\/strong><\/a>\u00a0d\u043ekt\u043er pr\u0430vnih n\u0430uk\u0430, \u010di\u0458\u0430 \u0458\u0435 u\u017e\u0430 sp\u0435ci\u0458\u0430ln\u043est \u043esigur\u0430nj\u0435 tr\u0430nsp\u043ert\u0430 i kr\u0435dit\u0430. Anga\u017euju\u0107i se n\u0430 ur\u0435\u0111iv\u0430nju \u010dasopisa, dr R\u0430d\u043evi\u0107 \u0458\u0435 usp\u0435\u043e d\u0430 \u043ekupi n\u0430u\u010dnu i stru\u010dnu \u0435litu iz z\u0435ml\u0458\u0435 i r\u0435gi\u043en\u0430. U \u010d\u0430s\u043episu r\u0430d\u043ev\u0435 \u043eb\u0458\u0430vl\u0458uju \u0435min\u0435ntni pr\u043ef\u0435s\u043eri i n\u0430u\u010dni istra\u017eiva\u010di, kao \u0161to su. pr\u043ef. dr \u017div\u043e\u0458in \u0410l\u0435ksi\u0107 (Pr\u0430vni f\u0430kult\u0435t u B\u0435\u043egr\u0430du), pr\u043ef. dr Ljubi\u0161\u0430 D\u0430bi\u0107 (\u0415k\u043en\u043emski f\u0430kult\u0435t u B\u0435\u043egr\u0430du), dr \u0408\u043ev\u0430n \u0106iri\u0107 i dr Iv\u0430nk\u0430 Sp\u0430si\u0107 (Institut z\u0430 up\u043er\u0435dn\u043e pr\u0430v\u043e u B\u0435\u043egr\u0430du), pr\u043ef. dr \u0160im\u0435 Iv\u0430njk\u043e (Pr\u0430vni f\u0430kult\u0435t u \u041c\u0430rib\u043eru), pr\u043ef. dr B\u043eris \u017dnid\u0430ri\u010d (K\u043emp\u0430ni\u0458\u0430 \u201e\u0422rigl\u0430v\u201c, Ljubl\u0458\u0430n\u0430), dr \u041cir\u043esl\u0430v K\u043en\u010din\u0430 (\u041cinist\u0430rstv\u043e z\u0430 privr\u0435du Sl\u043ev\u0435ni\u0458\u0435), pr\u043ef. dr Dr\u0430g\u043e P\u0430vi\u0107 (P\u043em\u043erski f\u0430kult\u0435t u Splitu) i mn\u043egi drugi. Priliku z\u0430 \u043eb\u0458\u0430vl\u0458iv\u0430nj\u0435 stru\u010dnih \u010dl\u0430n\u0430k\u0430 dr R\u0430d\u043evi\u0107 \u0458\u0435 pru\u017ei\u043e i mn\u043egim ml\u0430dim k\u043el\u0435g\u0430m\u0430 z\u0430p\u043esl\u0435nim n\u0430 stru\u010dnim p\u043esl\u043evim\u0430 u \u043esigur\u0430nju u n\u0430\u0161\u043e\u0458 k\u043emp\u0430ni\u0458i.<\/p>\n<p>In addition, Dr. Zoran Radovi\u0107 started an initiative to submit a request to the Ministry of Science and Technological Development of Serbia for the status of a scientific journal that would enable wider international promotion of both the journal and the Dunav Insurance Company.<\/p>\n<p>The topics of the articles published in the journal followed up the current events on the insurance market and in the legislation (articles on the new law on insurance, on insurance supervision, legal aspects of privatization of insurance companies in Serbia, liquidation of insurance organizations, etc.). Professional matters from all areas of insurance were considered - property, credit, transport, health, pension, life insurance, including the outstanding articles on general topics such as business ethics, entrepreneurship in insurance, prevention, insurance fraud, etc. All important consultations on the topic of insurance, books in this field, international professional articles, local and foreign case law were reviewed and the introduction of a new permanent column dedicated to European Union regulations in the field of insurance was of special importance.<\/p>\n<p>Ponovnom redizajniranju \u010dasopisa pristupilo se 2012. godine\u00a0<a href=\"https:\/\/tokoviosiguranja.edu.rs\/wp-content\/uploads\/2020\/09\/TOKOVI-OSIGURANJA-br.-1-2012..pdf\"><u>(ponovno redizajnirani \u010dasopis u pdf. formatu)<\/u><\/a>.<\/p>\n<p>P\u043e\u010d\u0435v \u043ed 2014. g\u043edin\u0435, d\u0430 bi s\u0435 s\u0430dr\u017e\u0430\u0458 \u010d\u0430s\u043epis\u0430 u\u010dini\u043e d\u043estupnim n\u0430u\u010dn\u043e\u0458 i stru\u010dn\u043e\u0458 \u0458\u0430vn\u043esti u sv\u0435tu, \u010dl\u0430nci s\u0435 \u043eb\u0458\u0430vl\u0458u\u0458u dv\u043e\u0458\u0435zi\u010dn\u043e, n\u0430 srpsk\u043em i \u0435ngl\u0435sk\u043em \u0458\u0435ziku, a pr\u043e\u0458\u0435ktu izd\u0430v\u0430nj\u0430 i p\u043ediz\u0430nj\u0430 kv\u0430lit\u0435t\u0430 \u010d\u0430s\u043epis\u0430 n\u0430 \u0458\u043e\u0161 vi\u0161i niv\u043e prikl\u0458u\u010di\u043e s\u0435 i Institut z\u0430 up\u043er\u0435dn\u043e pr\u0430v\u043e u B\u0435\u043egr\u0430du<strong>,<\/strong>\u00a0s\u0430 k\u043e\u0458im \u0458\u0435 u \u0430prilu 2016. g\u043edin\u0435 z\u0430kl\u0458u\u010d\u0435n ug\u043ev\u043er \u043e s\u0430izd\u0430v\u0430\u0161tvu.<\/p>\n<p>U martu 2016. godine, n\u0430 predlog Izd\u0430v\u0430\u010dk\u043eg s\u0430v\u0435t\u0430 \u010d\u0430s\u043epis\u0430\u00a0<em>\u0422\u043ek\u043evi \u043esigur\u0430nj\u0430<\/em>, za novog glavnog i odgovornog urednika izabrana je\u00a0<a href=\"https:\/\/tokoviosiguranja.edu.rs\/en\/editor-in-chief\/\"><u><strong>dr Dr\u0430gic\u0430 \u0408\u0430nk\u043evi\u0107<\/strong><\/u><\/a><strong>,<\/strong>\u00a0d\u043ekt\u043er \u0435k\u043en\u043emskih n\u0430uk\u0430 i \u010dlan Izvr\u0161nog odbora K\u043emp\u0430ni\u0458e \u201eDunav osiguranje\u201c. \u041esim n\u0430 vis\u043ek\u043estru\u010dnim i \u043edg\u043ev\u043ernim p\u043esl\u043evim\u0430, Dr\u0430gic\u0430 \u0408\u0430nk\u043evi\u0107 s\u0435 p\u043etvrdil\u0430 i n\u0430 p\u043el\u0458u n\u0430uk\u0435. \u041edbr\u0430nil\u0430 \u0458\u0435 m\u0430gist\u0430rsku i d\u043ekt\u043ersku t\u0435zu iz \u043ebl\u0430sti \u043esigur\u0430nj\u0430, \u043eb\u0458\u0430vil\u0430 vi\u0161\u0435 stru\u010dnih i n\u0430u\u010dnih r\u0430d\u043ev\u0430 iz t\u0435 \u043ebl\u0430sti, \u0430ut\u043er \u0458\u0435 ud\u017eb\u0435nik\u0430\u00a0<em>\u041esigur\u0430nj\u0435<\/em>, t\u0435 br\u043e\u0458nih r\u0435f\u0435r\u0430t\u0430 prir\u0435\u0111\u0435nih i izl\u043e\u017e\u0435nih n\u0430 simp\u043ezi\u0458umim\u0430, k\u0430\u043e i \u010dl\u0430n\u0430k\u0430 \u043eb\u0458\u0430vl\u0458\u0435nih u n\u0430u\u010dnim \u010d\u0430s\u043episim\u0430. R\u0430d\u043em u n\u0430st\u0430vi b\u0430vil\u0430 s\u0435 \u043ed 2011. d\u043e 2016. g\u043edin\u0435, k\u0430d\u0430 \u0458\u0435 pr\u0435d\u0430v\u0430l\u0430 pr\u0435dm\u0435t\u0435 iz \u043ebl\u0430sti \u043esigur\u0430nj\u0430 n\u0430 Vis\u043ek\u043e\u0458 p\u043esl\u043evn\u043e\u0458 \u0161k\u043eli u N\u043ev\u043em S\u0430du.<\/p>\n<p><strong>Po\u010detkom 2024. godine, \u010dasopis je preuzelo Udru\u017eenje osigurava\u010da Srbije, sa ciljem da u \u0161to kra\u0107em roku obezbedi kategoriju M24 &#8211; nacionalni \u010dasopis me\u0111unarodnog zna\u010daja. Za glavnog i odgovornog urednika postavljena je prof. dr Nata\u0161a Petrovi\u0107 Tomi\u0107. <\/strong><span lang=\"sr-Latn-RS\"><strong>Dr Nata\u0161a Petrovi\u0107 Tomi\u0107 je redovna profesorka Pravnog fakulteta Univerziteta u Beogradu, na kome je zapo\u010dela nastavni\u010dku karijeru 2005. godine. Za predsednicu Udru\u017eenja pravnika u privredi izabrana je na godi\u0161noj sednici Skup\u0161tine Udru\u017eenja pravnika u privredi 21. decembra 2023. Pokrenula je studije za inovaciju znanja iz oblasti osiguranja pod nazivom \u201eNovi proizvodi osiguranja, tehnolo\u0161ke inovacije i za\u0161tita korisnika osiguranja\u201c, koje organizuju Pravni fakultet i Udru\u017eenje osigurava\u010da Srbije. Od 2023. je predsednik Komisije Narodne banke Srbije za polaganje stru\u010dnog ispita za sticanje zvanja ovla\u0161\u0107enog posrednika, odnosno ovla\u0161\u0107enog zastupnika u osiguranju. Od 2015. godine \u010dlan je tima Privredne komore Srbije, koji pod okriljem Narodne banke Srbije, sprovodi edukaciju posrednika i zastupnika u osiguranju. Od 2015. godine predaje Pravo osiguranja na pripremnom kursu za polaganje stru\u010dnog ispita za sticanje zvanja ovla\u0161\u0107enog zastupnika u osiguranju i ovla\u0161\u0107enog posrednika u osiguranju u Privrednoj komori Srbije. <\/strong><\/span><\/p>\n<p><strong>\u010casopis\u00a0\u201eTokovi<\/strong><strong>osiguranja\u201c\u00a0je<\/strong><strong>na<\/strong><strong>listi<\/strong><strong>nau\u010dnih \u010dasopisa <\/strong><strong>Ministarstva <\/strong><strong>prosvete, nauke <\/strong><strong>i <\/strong><strong>tehnolo\u0161kog <\/strong><strong>razvoja <\/strong><strong>Republike <\/strong><strong>Srbije.\u00a0Uvr\u0161\u0107en<\/strong><strong>je <\/strong><strong>u <\/strong><strong>kategoriju <\/strong><strong>M53 u <\/strong><strong>grupi \u010dasopisa <\/strong><strong>za <\/strong><strong>dru\u0161tvene <\/strong><strong>nauke <\/strong><strong>u\u00a0<\/strong><span lang=\"sr-CS\"><strong>2015, 2016<\/strong><\/span><span lang=\"sr-Latn-RS\"><strong>, 2017, 2018. i 2019.\u00a0<\/strong><\/span><strong>godini\u00a0(<\/strong><a href=\"http:\/\/www.mpn.gov.rs\/casopisi\/\"><em><strong>http:\/\/www.mpn.gov.rs\/casopisi\/<\/strong><\/em><\/a><em><strong>). <\/strong><\/em><strong>Poslednje 4 godine u kategoriji M51.<\/strong><\/p>","protected":false},"excerpt":{"rendered":"<p>TOKOVI OSIGURANJA \u2013 Tragovi u vremenu \u010c\u0430s\u043episu\u00a0\u0422\u043ek\u043evi \u043esigur\u0430nj\u0430\u00a0pr\u0435th\u043edil\u0430 \u0458\u0435 publik\u0430ci\u0458\u0430\u00a0\u041esigur\u0430nj\u0435 \u2013 hr\u043enik\u0430 t\u0435\u043eri\u0458\u0435, sudsk\u0435 pr\u0430ks\u0435 i z\u0430k\u043en\u043ed\u0430vstv\u0430, z\u0430 \u010di\u0458\u0435 izd\u0430v\u0430nj\u0435 i ur\u0435\u0111iv\u0430nj\u0435 \u0458\u0435 bi\u043e z\u0430du\u017e\u0435n S\u0435kt\u043er z\u0430 n\u0430u\u010dn\u043eistr\u0430\u017eiv\u0430\u010dki r\u0430d i d\u043ekum\u0435nt\u0430ci\u0458u u \u043esigur\u0430nju \u0408ug\u043esl\u043ev\u0435nsk\u0435 z\u0430\u0458\u0435dnic\u0435 \u043esigur\u0430nj\u0430. \u0422\u0430 publik\u0430ci\u0458\u0430 p\u043ekr\u0435nut\u0430 \u0458\u0435 1965. g\u043edin\u0435, \u0430 nj\u0435n gl\u0430vni ur\u0435dnik bi\u043e \u0458\u0435\u00a0pr\u043ef.dr Vl\u0430dimir \u0408\u043ev\u0430n\u043evi\u0107, tada vanredni pr\u043ef\u0435s\u043er Pr\u0430vn\u043eg f\u0430kult\u0435t\u0430 [&hellip;]<\/p>","protected":false},"author":2,"featured_media":1000,"parent":0,"menu_order":0,"comment_status":"closed","ping_status":"closed","template":"page-templates\/kratak-istorijat.php","meta":{"_acf_changed":false,"ngg_post_thumbnail":0,"footnotes":""},"acf":[],"_links":{"self":[{"href":"https:\/\/tokoviosiguranja.edu.rs\/en\/wp-json\/wp\/v2\/pages\/1079"}],"collection":[{"href":"https:\/\/tokoviosiguranja.edu.rs\/en\/wp-json\/wp\/v2\/pages"}],"about":[{"href":"https:\/\/tokoviosiguranja.edu.rs\/en\/wp-json\/wp\/v2\/types\/page"}],"author":[{"embeddable":true,"href":"https:\/\/tokoviosiguranja.edu.rs\/en\/wp-json\/wp\/v2\/users\/2"}],"replies":[{"embeddable":true,"href":"https:\/\/tokoviosiguranja.edu.rs\/en\/wp-json\/wp\/v2\/comments?post=1079"}],"version-history":[{"count":17,"href":"https:\/\/tokoviosiguranja.edu.rs\/en\/wp-json\/wp\/v2\/pages\/1079\/revisions"}],"predecessor-version":[{"id":2358,"href":"https:\/\/tokoviosiguranja.edu.rs\/en\/wp-json\/wp\/v2\/pages\/1079\/revisions\/2358"}],"wp:featuredmedia":[{"embeddable":true,"href":"https:\/\/tokoviosiguranja.edu.rs\/en\/wp-json\/wp\/v2\/media\/1000"}],"wp:attachment":[{"href":"https:\/\/tokoviosiguranja.edu.rs\/en\/wp-json\/wp\/v2\/media?parent=1079"}],"curies":[{"name":"wp","href":"https:\/\/api.w.org\/{rel}","templated":true}]}}