{"id":145,"date":"2018-01-28T14:00:09","date_gmt":"2018-01-28T14:00:09","guid":{"rendered":"http:\/\/www.mydev.loc\/dunav\/?page_id=145"},"modified":"2025-03-17T08:24:07","modified_gmt":"2025-03-17T08:24:07","slug":"call-for-cooperation","status":"publish","type":"page","link":"https:\/\/tokoviosiguranja.edu.rs\/en\/call-for-cooperation\/","title":{"rendered":"Call for cooperation"},"content":{"rendered":"<p>Esteemed readers,<\/p>\n<p>The journal&nbsp;<em>Insurance Trends<\/em>&nbsp;u izdanju Kompanije \u201eUdru\u017eenja osigurava\u010da Srbije\u201d objavljuje originalne nau\u010dne i stru\u010dne radove, rasprave, komentare, analize i prikaze iz oblasti osiguravaju\u0107e delatnosti.<\/p>\n<p>We invite you to contribute to the advancement of the journal as well as to the development of insurance theory and practice by your scientific and professional knowledge and experience.<\/p>\n<p>Detailed instructions for preparing and submitting the papers are available at this site, in the AUTHORS GUIDE section.<\/p>\n<p>Evaluation of papers for publication in the Journal (review) is made by eminent scientific researchers from Serbia and the region, the professors of insurance and related scientific disciplines from renowned universities.<\/p>\n<p>The editorial board reserves the right to adapt the article to the unique standards of editing and to the spelling, grammatical and stylistic norms of the Serbian and English languages respectively.<\/p>\n<p>Please send the papers to the email addresses below:<\/p>\n<p><u><a href=\"mailto:tokoviosiguranja@uos.rs\">tokoviosiguranja@uos.rs<\/a><\/u><\/p>\n<p>Uz rad treba poslati i potpisanu, skeniranu&nbsp;<u><a href=\"https:\/\/tokoviosiguranja.edu.rs\/wp-content\/uploads\/2025\/03\/Objedinjena_izjava.-pdf.pdf\" target=\"_blank\" rel=\"noopener\">IZJAVU O ORIGINALNOSTI RADA<\/a><\/u>.<\/p>\n<p>We look forward to a successful cooperation.<\/p>","protected":false},"excerpt":{"rendered":"<p>Po\u0161tovani, \u010casopis&nbsp;Tokovi osiguranja&nbsp;u izdanju Kompanije \u201eUdru\u017eenja osigurava\u010da Srbije\u201d objavljuje originalne nau\u010dne i stru\u010dne radove, rasprave, komentare, analize i prikaze iz oblasti osiguravaju\u0107e delatnosti. Pozivamo Vas da svojim nau\u010dno-stru\u010dnim znanjem i iskustvom doprinesete kako unapre\u0111enju \u010dasopisa tako i razvoju teorije i prakse osiguranja. Detaljno uputstvo za pripremu i slanje rukopisa prona\u0107i \u0107ete na ovom sajtu, u [&hellip;]<\/p>","protected":false},"author":2,"featured_media":1000,"parent":0,"menu_order":0,"comment_status":"closed","ping_status":"closed","template":"page-templates\/a-call-for-cooperation.php","meta":{"_acf_changed":false,"ngg_post_thumbnail":0,"footnotes":""},"acf":[],"_links":{"self":[{"href":"https:\/\/tokoviosiguranja.edu.rs\/en\/wp-json\/wp\/v2\/pages\/145"}],"collection":[{"href":"https:\/\/tokoviosiguranja.edu.rs\/en\/wp-json\/wp\/v2\/pages"}],"about":[{"href":"https:\/\/tokoviosiguranja.edu.rs\/en\/wp-json\/wp\/v2\/types\/page"}],"author":[{"embeddable":true,"href":"https:\/\/tokoviosiguranja.edu.rs\/en\/wp-json\/wp\/v2\/users\/2"}],"replies":[{"embeddable":true,"href":"https:\/\/tokoviosiguranja.edu.rs\/en\/wp-json\/wp\/v2\/comments?post=145"}],"version-history":[{"count":12,"href":"https:\/\/tokoviosiguranja.edu.rs\/en\/wp-json\/wp\/v2\/pages\/145\/revisions"}],"predecessor-version":[{"id":2803,"href":"https:\/\/tokoviosiguranja.edu.rs\/en\/wp-json\/wp\/v2\/pages\/145\/revisions\/2803"}],"wp:featuredmedia":[{"embeddable":true,"href":"https:\/\/tokoviosiguranja.edu.rs\/en\/wp-json\/wp\/v2\/media\/1000"}],"wp:attachment":[{"href":"https:\/\/tokoviosiguranja.edu.rs\/en\/wp-json\/wp\/v2\/media?parent=145"}],"curies":[{"name":"wp","href":"https:\/\/api.w.org\/{rel}","templated":true}]}}