{"id":151,"date":"2018-01-28T14:01:45","date_gmt":"2018-01-28T14:01:45","guid":{"rendered":"http:\/\/www.mydev.loc\/dunav\/?page_id=151"},"modified":"2025-02-14T07:58:13","modified_gmt":"2025-02-14T07:58:13","slug":"editor-in-chief","status":"publish","type":"page","link":"https:\/\/tokoviosiguranja.edu.rs\/en\/editor-in-chief\/","title":{"rendered":"Editor in chief"},"content":{"rendered":"<p style=\"font-size: 20px;\"><strong>Dr Nata\u0161a Petrovi\u0107 Tomi\u0107<\/strong><\/p>\n<p>Dr Nata\u0161a Petrovi\u0107 Tomi\u0107 je redovna profesorka Pravnog fakulteta Univerziteta u Beogradu, na kome je zapo\u010dela nastavni\u010dku karijeru 2005. godine, i prodekanica za nauku. Za predsednicu Udru\u017eenja pravnika u privredi Republike Srbije, najstarijeg udru\u017eenja koje okuplja kompanijske pravnike, izabrana je na godi\u0161noj sednici Skup\u0161tine Udru\u017eenja pravnika u privredi 21. decembra 2023., na predlog profesora emeritusa Mirka Vasiljevi\u0107a, po\u010dasnog predsednika Udru\u017eenja. Glavna je i odgovorna urednica \u010dasopisa \u201eTokovi osiguranja\u201c, koji izdaje Udru\u017eenje osigurava\u010da i koji predstavlja vode\u0107i \u010dasopis nacionalnog zna\u010daja iz oblasti osiguranja (M51).<\/p>\n<p>Pokrenula je studije za inovaciju znanja iz oblasti osiguranja pod nazivom \u201eNovi proizvodi osiguranja, tehnolo\u0161ke inovacije i za\u0161tita korisnika osiguranja\u201c, koje organizuju Pravni fakultet i Udru\u017eenje osigurava\u010da Srbije. Od 2023. je predsednik Komisije Narodne banke Srbije za polaganje stru\u010dnog ispita za sticanje zvanja ovla\u0161\u0107enog posrednika, odnosno ovla\u0161\u0107enog zastupnika u osiguranju. Od 2015. godine \u010dlan je tima Privredne komore Srbije, koji pod okriljem Narodne banke Srbije, sprovodi edukaciju posrednika i zastupnika u osiguranju. Od 2015. godine predaje Pravo osiguranja na pripremnom kursu za polaganje stru\u010dnog ispita za sticanje zvanja ovla\u0161\u0107enog zastupnika u osiguranju i ovla\u0161\u0107enog posrednika u osiguranju u Privrednoj komori Srbije. Tako\u0111e, u\u010destvuje u izvo\u0111enju kontinuiranih obuka ovla\u0161\u0107enih posrednika u osiguranju i ovla\u0161\u0107enih zastupnika u osiguranju i predaje teme koje je odobrila Narodna banka Srbije. Bila je urednik Priru\u010dnika za sticanje zvanja ovla\u0161\u0107enog posrednika u osiguranju i ovla\u0161\u0107enog zastupnika u osiguranju, koji je odobren od strane Narodne banke Srbije.<\/p>\n<p>Profesorka Petrovi\u0107 Tomi\u0107 je gostuju\u0107i profesor na Ekonomskom fakultetu Univerziteta u Beogradu i na Matemati\u010dkom fakultetu. Od 2024. godine je na spisku lica sa odgovaraju\u0107im kvalifikacijama za obavljanje du\u017enosti arbitra Stalne arbitra\u017ee pri Privrednoj komori Srbije. Predsednik je Upravnog odbora Udru\u017eenja pravnika u privredi Srbije, \u010dlan redakcije \u010dasopisa \u201ePravo i privreda\u201c, tokom godina ure\u0111ivala je rubriku Novosti iz sveta osiguranja u \u010dasopisu \u201ePravo i privreda\u201c i bila redovni u\u010desnik majskih susreta u organizaciji Udru\u017eenja pravnika u privredi, \u010dlan je redakcije \u010dasopisa \u201eBrani\u010d\u201c, \u010dlan je redakcije \u010dasopisa \u201eHarmonius\u201c. Bila je recenzent ve\u0107eg broja nau\u010dnih radova, izme\u0111u ostalih i za \u010dasopise: Journal of European Consumer and Market Law, Anali Pravnog fakulteta u Beogradu, Pravo i privreda, Pravni \u017eivot, Tokovi osiguranja, Evropska revija za pravo osiguranja, Mostariensia, Teme, Zbornik Pravnog fakulteta Sveu\u010dili\u0161ta u Rijeci, Zbornik Pravnog fakulteta Sveu\u010dili\u0161ta u Osijeku, Anali Pravnog fakulteta Univerziteta u Zenici, Zbornik radova Pravnog fakulteta Sveu\u010dili\u0161ta u Mostaru.<\/p>\n<p>Nata\u0161a Petrovi\u0107 Tomi\u0107 upisala je Pravni fakultet Univerziteta u Beogradu 1999, a diplomirala je 2003, sa prose\u010dnom ocenom 9,87 i progla\u0161ena za studenta generacije.<\/p>\n<p>U toku osnovnih studija vi\u0161e puta je pohvaljivana i nagra\u0111ivana, i to: diplomom Ambasade Kraljevine Norve\u0161ke, pohvalom Ministarstva pravde Republike Srbije za najbolje rezultate pokazane tokom redovnih studija; nagradom fonda &#8220;Nenad Eftimovski&#8221; za odli\u010dan uspeh iz predmeta katedre za pravno-ekonomske nauke; nagradom fonda &#8220;Dr Dragoljub Atanackovi\u0107&#8221; za odli\u010dan uspeh iz predmeta katedre za krivi\u010dno pravo; diplomom Univerziteta u Beogradu za izuzetan uspeh tokom studiranja.<\/p>\n<p>Poslediplomske studije upisala je 2003\/04. na Pravnom fakultetu Univerziteta u Beogradu (Smer za privredno pravo). U periodu od 2003. do 2005. sara\u0111ivala je kao istra\u017eiva\u010d pripravnik sa Institutom za uporedno pravo na osnovu stipendije Ministarstva nauke i za\u0161tite \u017eivotne sredine za 200 mladih talenata za magistarske studije i njihovo uklju\u010divanje u nau\u010dno-istra\u017eiva\u010dke projekte. Raspore\u0111ena je na nau\u010dno-istra\u017eiva\u010dki projekat &#8220;Harmonizacija jugoslovenskog prava sa privrednim pravom Evropske unije i standardima Saveta Evrope&#8221;, pod vo\u0111stvom eminentne profesorke Vesne Raki\u0107 Vodineli\u0107. Od 2004. do 2005. godine bila je asistent pripravnik na Pravnom fakultetu Univerziteta Union na predmetima Katedre za gra\u0111ansko pravo.<\/p>\n<p>Na mesto asistenta-pripravnika za u\u017eu nau\u010dnu oblast Poslovno pravo izabrana je 2005. godine. Tokom asistentskog sta\u017ea, dr\u017eala je ve\u017ebe iz Trgovinskog prava, Kompanijskog prava, Prava osiguranja i Me\u0111unarodnog Trgovinskog prava.<\/p>\n<p>Obavljala je funkciju sekretara Katedre za Gra\u0111ansko pravo u periodu od 2005. do 2007. godine; bila je sekretar specijalisti\u010dkih studija za Notarsko pravo, kao i \u010dlan vi\u0161e stru\u010dnih komisija na Fakultetu. Jedan je od osniva\u010da Udru\u017eenja nau\u010dnika i istra\u017eiva\u010da u oblasti pravnih studija, \u010diji je osnovni cilj harmonizacija prava u regionu jugoisto\u010dne Evrope sa pravom EU i op\u0161tim principima me\u0111unarodnog prava \u2013 HARMONIUS i direktor Studija za Potro\u0161a\u010dko i Pravo osiguranja pri Udru\u017eenju. U\u010destvovala je u radnom timu Privredne komore Srbije za izradu Kodeksa poslovne etike.<\/p>\n<p>Predavala je na specijalisti\u010dkim kursevima iz oblasti Poslovnog prava u Komisiji za hartije od vrednosti. Bavi se konsultantskim poslovima. Autor je brojnih \u010dlanaka iz oblasti trgovinskog prava, prava osiguranja, poslovne etike, kao i korporativnog upravljanja. U\u010destvovala je na mnogim me\u0111unarodnim i doma\u0107im konferencijama.<\/p>\n<p>20. decembra 2006. godine odbranila je sa odlikom magistarski rad pod nazivom \u201eOsiguranje robe u me\u0111unarodnom pomorskom prevozu\u201c, koji je objavljen 2009. godine. 7. februara 2011. godine sa odlikom je odbranila doktorsku disertaciju pod nazivom \u201eOsiguranje od odgovornosti direktora i \u010dlanova upravnog odbora akcionarskog dru\u0161tva\u201c. Iste godine izabrana je za docentkinju za Poslovnopravnu nau\u010dnu oblast.<\/p>\n<p>Dobitnik je stipendije za doktorske studije na Max Planck Institut f\u00fcr ausl\u00e4ndishes und internationales Privatrecht u Hamburgu za period jul-avgust 2008. godine. Ponovo dobija stipendiju za istra\u017eiva\u010dki boravak na Max Planck Institutu u julu 2015. godine, kao i u julu 2018. godine.<\/p>\n<p>Od \u0161kolske 2017. godine imenovana je za \u010dlana komisije za polaganje ispita iz stranih jezika radi upisa na doktorske studije (komisija za proveru znanja \u0161panskog i italijanskog jezika sa prof. dr Bojanom Spai\u0107em).<\/p>\n<p>Bila je gostuju\u0107i predava\u010d na Pravnom fakultetu Univerziteta u Zenici, od 2016. do 2018. godine.<\/p>\n<p>Prof. dr Nata\u0161a Petrovi\u0107 Tomi\u0107 trenutno je uklju\u010dena u nau\u010dno-istra\u017eiva\u010dke projekte Minisarstva prosvete, nauke i tehnolo\u0161kog razvoja, kao i strate\u0161ki projekat Pravnog fakulteta Univerziteta u Beogradu. Bila je (2019-2020) konsultant na projektu Pravnog fakuleta Univerziteta u Ljubljani \u201eModernizacija zakonske ureditve zavarovalne pogodbe\u201c, pod vo\u0111stvom profesora Mihe Juharta, koji je rezultirao usvajanjem Nacrta zakona o ugovoru u osiguranju, kojim \u0107e se Republika Slovenija svrstati u red evropskih dr\u017eava koje ugovoru o osiguranju pridaju zaslu\u017eeni zna\u010daj u zakonodavnom smislu.<\/p>\n<p>Govori engleski, \u0161panski, nema\u010dki i francuski jezik, a slu\u017ei se i stru\u010dnom literaturom na slovenskom jeziku. Ima dve \u0107erke: An\u0111elinu i \u0110ur\u0111a Katju.<\/p>\n<p><strong>Dr Mirjana Glinti\u0107<\/strong><br \/>\nZamenik glavnog I odgovornog urednika<\/p>\n<p>Dr Mirjana Glinti\u0107 je nau\u010dna saradnica u Institutu za uporedno pravo, u kom je zapo\u010dela svoju nau\u010dnu karijeru 2011. godine. Na Godi\u0161njoj skup\u0161tini Udru\u017eenja pravnika u privredi u decembru 2024. godine izabrana je za \u010dlana Nadzornog odbora Udru\u017eenja pravnika u privredi. Zamenica je glavne i odgovorne urednice \u010dasopisa Tokovi osiguranja, koji zajedno izdaju Udru\u017eenje osigurava\u010da Srbije i Institut za uporedno pravo. Odlukom Ministarstva nauke, tehnolo\u0161kog razvoja i inovacija \u010dasopis Tokova osiguranja je dobio kategoriju M51, \u010dasopis nacionalnog zna\u010daja.<\/p>\n<p>Pravni fakultet Univerziteta u Beogradu upisala je \u0161kolske 2005\/06. godine, na kojem je i diplomirala 22. oktobra 2010. godine sa prose\u010dnom ocenom 9,00. Na mati\u010dnom fakultetu \u0161kolske 2010\/11. godine upisala je master studije, trgovinskopravni modul, koje je uspe\u0161no okon\u010dala 2012. godine. Na Pravnom fakultetu Univerziteta u Beogradu odbranila je 27. 9. 2019. godine sa odlikom doktorsku disertaciju ,,Pravna priroda prava na isplatu osigurane sume kod osiguranja lica\u201d.<\/p>\n<p>Tokom osnovnih i postdiplomskih studija bila je stipendista Ministarstva prosvete, op\u0161tine Ivanjica, Regionale privredne komore U\u017eice, kao i Nema\u010dke slu\u017ebe za me\u0111uakademsku razmenu (Deutscher Akademischer Austauschdienst) i nema\u010dkog&nbsp;Bundestag-a,&nbsp;Humboldt Universit\u00e4t-a,&nbsp;Freie Universit\u00e4t-a i&nbsp;Technische Univesit\u00e4t-a.<\/p>\n<p>Nakon zavr\u0161enih osnovnih studija zaposlila se u Institutu za uporedno pravo u Beogradu, gde je trenutno u zvanju nau\u010dni saradnik. U\u010destvovala je na mnogim nau\u010dnim i stru\u010dnim savetovanjima na kojima je predstavila radove iz oblasti ugovornog i statusnog prava osiguranja, prava Evropske unije, kao iz tematike reforme pravosu\u0111a u zemljama Zapadnog Balkana i sukoba interesa, koji su objavljeni u zbornicima radova, tematskim zbornicima, nacionalnim i me\u0111unarodnim \u010dasopisima. Urednik je dve monografije i dva zbornika radova. Bila je recenzent nau\u010dnih radova za brojne doma\u0107e i me\u0111unarodne \u010dasopise koji se bave pravom osiguranja. \u010clan je ure\u0111iva\u010dkog odbora nekoliko me\u0111unarodnih i nacionalnih konferencija koje imaju vi\u0161egodi\u0161nju tradiciju odr\u017eavanja, kao \u0161to su Susreti Kopaoni\u010dke \u0161kola prirodnog prava \u2013 Slobodan Perovi\u0107, Regional Law Review i Harmoniusova \u0161kola prava (2020. godine).<\/p>\n<p>Za potrebe Instituta za uporedno pravo, u\u010destvovala je u ve\u0107em broju nau\u010dnih i stru\u010dnih projekata koji su realizovani pod pokroviteljstvom Saveta Evrope, Evropske komisije, Centra za integritet u sektoru odbrane Kraljevine Norve\u0161ke, Pravosudne akademije, Nacionalne alijanse za lokalni ekonomski razvoj, Gra\u0111anskih inicijativa, iz kojih su protekle studije i analize javne politike, brojni izve\u0161taji i nau\u010dni radovi. Pored toga, u\u010destvovala je na projektu ,,Srpsko i evropsko pravo \u2013 upore\u0111ivanje i usagla\u0161avanje\u201d koji je finansiralo Ministarstvo nauke Republike Srbije.<\/p>\n<p>Anga\u017eovana je kao predava\u010d na studijama za inovacije znanja iz oblasti osiguranja pod nazivom ,,Novi proizvodi osiguranja, tehnolo\u0161ke inovacije i za\u0161tite korisnika osiguranja\u201d, koje organizuju Pravni fakultet Univerziteta u Beogradu i Udru\u017eenje osigurava\u010da Srbije. Od 2025. godine je predava\u010d na obukama za sticanje zvanja ovla\u0161\u0107enog posrednika i zastupnika u osiguranju, koje organizuje Privredna komora Srbije na osnovu sporazuma zaklju\u010denog sa Narodnom bankom Srbije. Osim toga, u\u010destvuje i u izvo\u0111enju kontinutiranih obuka ovla\u0161\u0107enih posrednika u osiguranju i ovla\u0161\u0107enih zastupnika u osiguranju. Teme koje obra\u0111uje u okviru obuka su odobrene od Narodne banke Srbije. Bila je anga\u017eovana kao predava\u010d na AI Master classu pod nazivom \u201eRegulisanje ve\u0161ta\u010dke inteligencije: pravni i eti\u010dki izazovi\u201c, koji su organizovali Fakultet organizacionih nauka Univerziteta u Beogradu i Institut za ve\u0161ta\u010dku inteligenciju, uz podr\u0161ku Ministarstva nauke, tehnolo\u0161kog razvoja i inovacija, Ministarstva informisanja i telekomunikacija, Ministarstva unutra\u0161nje i spoljne trgovine, Poverenika za za\u0161titu ravnopravnosti, SHARE Fondacije i brojnih partnera iz privrede.<\/p>\n<p>\u010clan je Udru\u017eenja pravnika u privredi, Kopaoni\u010dke \u0161kole prirodnog prava \u2013 Slobodan Perovi\u0107 i Udru\u017eenja za od\u0161tetno pravo. Na sednici Skup\u0161tine Zajednice instituta Srbije u junu 2024. godine izabrana je za \u010dlana Nadzornog odbora Zajednice. Realizovala je dva nau\u010dno-istra\u017eiva\u010dka boravka u Max Planck institutu za inostrano i me\u0111unarodno privatno pravo u Hamburgu (Max Planck Institut f\u00fcr ausl\u00e4ndisches und internationales Privatrecht). U okviru Evropskog pravnog instituta, a kao predstavnik Instituta za uporedno pravo, u\u010destvuje na panelima Specijalne interesne grupa za pravo osiguranja.<\/p>\n<p>Dr Mirjana Glinti\u0107 je 2020. godine postavljena za lokalnog predstavnika Nema\u010dke fondacije za me\u0111unarodnu pravnu saradnju (Deustche Stifting f\u00fcr internationale rechtliche Zusammenarbeit), koja deluje pod pokroviteljstvom Savezne Vlade SR Nema\u010dke.<\/p>\n<p>Te\u010dno govori engleski i nema\u010dki jezik.<\/p>","protected":false},"excerpt":{"rendered":"<p>Dr Nata\u0161a Petrovi\u0107 Tomi\u0107 Dr Nata\u0161a Petrovi\u0107 Tomi\u0107 je redovna profesorka Pravnog fakulteta Univerziteta u Beogradu, na kome je zapo\u010dela nastavni\u010dku karijeru 2005. godine, i prodekanica za nauku. Za predsednicu Udru\u017eenja pravnika u privredi Republike Srbije, najstarijeg udru\u017eenja koje okuplja kompanijske pravnike, izabrana je na godi\u0161noj sednici Skup\u0161tine Udru\u017eenja pravnika u privredi 21. decembra 2023., [&hellip;]<\/p>","protected":false},"author":2,"featured_media":1000,"parent":0,"menu_order":0,"comment_status":"closed","ping_status":"closed","template":"page-templates\/editor-in-chief.php","meta":{"_acf_changed":false,"ngg_post_thumbnail":0,"footnotes":""},"acf":[],"_links":{"self":[{"href":"https:\/\/tokoviosiguranja.edu.rs\/en\/wp-json\/wp\/v2\/pages\/151"}],"collection":[{"href":"https:\/\/tokoviosiguranja.edu.rs\/en\/wp-json\/wp\/v2\/pages"}],"about":[{"href":"https:\/\/tokoviosiguranja.edu.rs\/en\/wp-json\/wp\/v2\/types\/page"}],"author":[{"embeddable":true,"href":"https:\/\/tokoviosiguranja.edu.rs\/en\/wp-json\/wp\/v2\/users\/2"}],"replies":[{"embeddable":true,"href":"https:\/\/tokoviosiguranja.edu.rs\/en\/wp-json\/wp\/v2\/comments?post=151"}],"version-history":[{"count":50,"href":"https:\/\/tokoviosiguranja.edu.rs\/en\/wp-json\/wp\/v2\/pages\/151\/revisions"}],"predecessor-version":[{"id":2793,"href":"https:\/\/tokoviosiguranja.edu.rs\/en\/wp-json\/wp\/v2\/pages\/151\/revisions\/2793"}],"wp:featuredmedia":[{"embeddable":true,"href":"https:\/\/tokoviosiguranja.edu.rs\/en\/wp-json\/wp\/v2\/media\/1000"}],"wp:attachment":[{"href":"https:\/\/tokoviosiguranja.edu.rs\/en\/wp-json\/wp\/v2\/media?parent=151"}],"curies":[{"name":"wp","href":"https:\/\/api.w.org\/{rel}","templated":true}]}}