{"id":153,"date":"2018-01-28T14:02:08","date_gmt":"2018-01-28T14:02:08","guid":{"rendered":"http:\/\/www.mydev.loc\/dunav\/?page_id=153"},"modified":"2024-10-03T09:18:31","modified_gmt":"2024-10-03T09:18:31","slug":"editorial-board","status":"publish","type":"page","link":"https:\/\/tokoviosiguranja.edu.rs\/en\/editorial-board\/","title":{"rendered":"Editorial Board"},"content":{"rendered":"<p><\/p>\n\n\n\n<p><strong>prof. dr emeritus Mirko Vasiljevi\u0107<\/strong>, Univerzitet u Beogradu, Pravni fakultet<\/p>\n\n\n\n<p><strong>prof. dr Jelena Ko\u010dovi\u0107<\/strong>, Univerzitet u Beogradu, Ekonomski fakultet<\/p>\n\n\n\n<p><strong>prof. dr Tatjana Rakonjac Anti\u0107<\/strong>, Univerzitet u Beogradu, Ekonomski fakultet<\/p>\n\n\n\n<p><strong>prof. dr Vladimir \u010colovi\u0107<\/strong>, Univerzitet Union, Pravni fakultet<\/p>\n\n\n\n<p class=\" translation-block\"><strong>Professor \u017deljko \u0160ain<\/strong>, University of Sarajevo, Faculty of Economics<\/p>\n\n\n\n<p><strong>prof. dr Bojana Milo\u0161evi\u0107<\/strong>, Univerzitet u Beogradu, Matemati\u010dki fakultet<\/p>\n\n\n\n<p><strong>prof. dr Mladenka Balaban<\/strong>, Beogradska bankarska akademija, Fakultet za bankarstvo, finansije i osiguranje<\/p>\n\n\n\n<p><strong>prof. dr Ivana Bodro\u017ei\u0107<\/strong>, Kriminalisti\u010dko-Policijski Univerzitet, Kriminalisti\u010dko-Policijska akademija<\/p>\n\n\n\n<p><strong>prof. dr Stefan Milojevi\u0107<\/strong>, Univerzitet Edukons, Ekonomski fakultet<\/p>\n\n\n\n<p><strong>docent dr Vladimir \u0160ebek<\/strong>, Univerzitet u Kragujevcu, Pravni fakultet<\/p>\n\n\n\n<p><strong>docent dr Iva To\u0161i\u0107<\/strong>, Univerzitet Union, Pravni fakultet<\/p>","protected":false},"excerpt":{"rendered":"<p>prof. dr emeritus Mirko Vasiljevi\u0107, Univerzitet u Beogradu, Pravni fakultet prof. dr Jelena Ko\u010dovi\u0107, Univerzitet u Beogradu, Ekonomski fakultet prof. dr Tatjana Rakonjac Anti\u0107, Univerzitet u Beogradu, Ekonomski fakultet prof. dr Vladimir \u010colovi\u0107, Univerzitet Union, Pravni fakultet prof. dr \u017deljko \u0160ain, Univerzitet u Sarajevu, Ekonomski fakultet prof. dr Bojana Milo\u0161evi\u0107, Univerzitet u Beogradu, Matemati\u010dki fakultet [&hellip;]<\/p>","protected":false},"author":2,"featured_media":1000,"parent":0,"menu_order":0,"comment_status":"closed","ping_status":"closed","template":"page-templates\/editorial-board.php","meta":{"_acf_changed":false,"ngg_post_thumbnail":0,"footnotes":""},"acf":[],"_links":{"self":[{"href":"https:\/\/tokoviosiguranja.edu.rs\/en\/wp-json\/wp\/v2\/pages\/153"}],"collection":[{"href":"https:\/\/tokoviosiguranja.edu.rs\/en\/wp-json\/wp\/v2\/pages"}],"about":[{"href":"https:\/\/tokoviosiguranja.edu.rs\/en\/wp-json\/wp\/v2\/types\/page"}],"author":[{"embeddable":true,"href":"https:\/\/tokoviosiguranja.edu.rs\/en\/wp-json\/wp\/v2\/users\/2"}],"replies":[{"embeddable":true,"href":"https:\/\/tokoviosiguranja.edu.rs\/en\/wp-json\/wp\/v2\/comments?post=153"}],"version-history":[{"count":13,"href":"https:\/\/tokoviosiguranja.edu.rs\/en\/wp-json\/wp\/v2\/pages\/153\/revisions"}],"predecessor-version":[{"id":2682,"href":"https:\/\/tokoviosiguranja.edu.rs\/en\/wp-json\/wp\/v2\/pages\/153\/revisions\/2682"}],"wp:featuredmedia":[{"embeddable":true,"href":"https:\/\/tokoviosiguranja.edu.rs\/en\/wp-json\/wp\/v2\/media\/1000"}],"wp:attachment":[{"href":"https:\/\/tokoviosiguranja.edu.rs\/en\/wp-json\/wp\/v2\/media?parent=153"}],"curies":[{"name":"wp","href":"https:\/\/api.w.org\/{rel}","templated":true}]}}