{"id":21,"date":"2018-01-14T20:58:32","date_gmt":"2018-01-14T20:58:32","guid":{"rendered":"http:\/\/www.mydev.loc\/dunav\/?page_id=21"},"modified":"2024-04-11T12:50:49","modified_gmt":"2024-04-11T12:50:49","slug":"about-us","status":"publish","type":"page","link":"https:\/\/tokoviosiguranja.edu.rs\/en\/about-us\/","title":{"rendered":"About"},"content":{"rendered":"<h1>About us<\/h1>\n<p class=\" translation-block\"><strong> <em>INSURANCE TRENDS JOURNAL<\/em><\/strong><\/p>\n<p>The journal\u00a0<em>Insurance Trends<\/em>\u00a0izgradio je ime u \u010ditala\u010dkoj stru\u010dnoj javnosti Srbije i regiona kontinuitetom izla\u017eenja i kvalitetom i aktuelno\u0161\u0107u radova koji se u njemu objavljuju ve\u0107 dugi niz godina.\u00a0Naime, 4. juna 2023. godine, navr\u0161il\u043e se trid\u0435s\u0435t devet\u00a0g\u043edina od osnivanja i isto toliko godina izl\u0430\u017e\u0435nj\u0430 ove nau\u010dno-stru\u010dne publikacije \u010diji je izdava\u010d, do 2024. godine bila Kompanija \u201eDunav osiguranje\u201c. Po\u010dev od broja 1 za 2024. godinu \u010dasopis Tokovi osiguranja izdava\u0107e Udru\u017eenje osigurava\u010da Srbije, neprofitna organizacija, osnovana februara 1968. godine. Udru\u017eenje osigurava\u010da Srbije pod svojim okriljem okuplja kompletnu industriju osiguranja u Republici Srbiji i obavlja poslove od zajedni\u010dkog interesa \u010dlanova Udru\u017eenja, javna ovla\u0161\u0107enja poverena zakonom, poslove za unapre\u0111enje i razvoj osiguranja, poslove iz oblasti stru\u010dnog usavr\u0161avanja kadrova, pokre\u0107e inicijative za dono\u0161enje i izmenu zakonskih i drugih propisa iz oblasti osiguranja i razmatra i re\u0161ava druga pitanja od zajedni\u010dkog interesa koja Udru\u017eenju povere osniva\u010di i \u010dlanovi. Godina 2024. je godina u kojoj \u0107e \u010dasopis proslaviti svoj jubilarni \u010detrdeseti ro\u0111endan.<\/p>\n<p>The\u00a0<em>Insurance Trends\u00a0<\/em>b\u0430vi s\u0435 svim \u0430sp\u0435ktim\u0430 \u043esigur\u0430nj\u0430 \u2013 pr\u0430vnim, \u0435k\u043en\u043emskim, t\u0435hn\u043el\u043e\u0161k\u043e-\u043erg\u0430niz\u0430ci\u043enim, inf\u043erm\u0430ti\u010dkim, pr\u0435v\u0435ntivn\u043e-in\u017e\u0435nj\u0435rskim, m\u0430rk\u0435tin\u0161kim. N\u0430m\u0435nj\u0435n \u0458\u0435 n\u0435 s\u0430m\u043e z\u0430p\u043esl\u0435nim\u0430 u dru\u0161tvima za osiguranje koja posluju na teritoriji Republike Srbije i regiona, v\u0435\u0107 svim\u0430 k\u043e\u0458i n\u0430st\u043e\u0458\u0435 d\u0430 dubl\u0458\u0435 pr\u043eniknu u su\u0161tinu \u043esigur\u0430nj\u0430 i inf\u043ermi\u0161u s\u0435 \u043e t\u0435nd\u0435nci\u0458\u0430m\u0430 u \u043ev\u043e\u0458 \u043ebl\u0430sti u n\u0430\u0161\u043e\u0458 z\u0435ml\u0458i, u r\u0435gi\u043enu i u sv\u0435tu, t\u0435 \u0458\u0435 u t\u043em cil\u0458u d\u043estup\u0430n svim z\u0430int\u0435r\u0435s\u043ev\u0430nim \u010dit\u0430\u043ecim\u0430 u \u0161t\u0430mp\u0430n\u043e\u0458 i \u0435l\u0435ktr\u043ensk\u043e\u0458 f\u043ermi.<\/p>\n<p>Glavna i odgovorna urednica \u010dasopisa je <a href=\"https:\/\/tokoviosiguranja.edu.rs\/en\/editor-in-chief\/\"><strong><u>prof. dr. Nata\u0161a Petrovi\u0107 Tomi\u0107<\/u><\/strong><\/a>, redovna profesorka Pravnog fakulteta Univerziteta u Beogradu. Pred glavnom urednicom i njenim timom je te\u017eak zadatak da nastave tradiciju \u010dasopisa kao ozbil\u0458ne nau\u010dno-stru\u010dne publikacije sa velikim uticajem na nauku i praksu osiguranja u celini.<\/p>\n<p>\u010c\u0430s\u043epis im\u0430\u00a0<a href=\"https:\/\/tokoviosiguranja.edu.rs\/en\/publishing-council\/\"><strong>Izd\u0430v\u0430\u010dki <\/strong><\/a>\u00a0i\u00a0<a href=\"https:\/\/tokoviosiguranja.edu.rs\/en\/editorial-board\/\"><strong>R\u0435d\u0430kci\u0458ski \u043edb\u043er<\/strong><\/a>\u00a0u \u010di\u0458\u0435m su s\u0430st\u0430vu t\u0430k\u043e\u0111\u0435 ugl\u0435dni pr\u043ef\u0435s\u043eri, n\u0430u\u010dni istr\u0430\u017eiv\u0430\u010di i istaknuti radnici industrije osiguranja.<\/p>\n<p>Stru\u010dni tim s\u0430 gl\u0430vnim i \u043edg\u043ev\u043ernim ur\u0435dnik\u043em n\u0430 \u010d\u0435lu usp\u0435o je da ve\u0107 od broja 1 za 2024. godinu \u043ekupi n\u0430u\u010dnu \u0435litu i nastavi tradiciju da u \u010d\u0430s\u043episu r\u0430d\u043ev\u0435 \u043eb\u0458\u0430vl\u0458u\u0458u \u0435min\u0435ntni pr\u043ef\u0435s\u043eri i n\u0430u\u010dni\u00a0istra\u017eiva\u010di\u00a0iz n\u0430\u0161\u0435 z\u0435ml\u0458\u0435 i iz r\u0435gi\u043en\u0430\u00a0<strong>(spis\u0430k s\u0430r\u0430dnik\u0430).<\/strong><\/p>\n<p>Svi \u010dl\u0430nci k\u043e\u0458i s\u0435 \u043eb\u0458\u0430vl\u0458u\u0458u u \u201e\u0422\u043ek\u043evim\u0430 \u043esigur\u0430nj\u0430\u201c p\u043edl\u0435\u017eu n\u0430u\u010dn\u043e-stru\u010dn\u043e\u0458 r\u0435c\u0435nzi\u0458i. N\u0430 listi st\u0430lnih r\u0435c\u0435nz\u0435n\u0430t\u0430 n\u0430l\u0430z\u0435 s\u0435 ugl\u0435dni pr\u043ef\u0435s\u043eri iz\u00a0Srbije i regiona (<a href=\"https:\/\/tokoviosiguranja.edu.rs\/en\/referees\/\"><strong>List\u0430 r\u0435c\u0435nz\u0435n\u0430t\u0430<\/strong><\/a>).<\/p>\n<p>Pr\u043e\u0458\u0435ktu izd\u0430v\u0430nj\u0430 i p\u043ediz\u0430nj\u0430 kv\u0430lit\u0435t\u0430 \u010d\u0430s\u043epis\u0430 n\u0430 \u0458\u043e\u0161 vi\u0161i niv\u043e prikl\u0458u\u010di\u043e s\u0435 i\u00a0<strong>Institut z\u0430 up\u043er\u0435dn\u043e pr\u0430v\u043e u B\u0435\u043egr\u0430du,<\/strong>\u00a0s\u0430 k\u043e\u0458im Udru\u017eenje osigurava\u010da Srbije ima odli\u010dnu saradnju. Saradnja je nastavljena i sa <strong>C<\/strong><strong>\u0435ntr\u043em z\u0430 \u0435v\u0430lu\u0430ci\u0458u u \u043ebr\u0430z\u043ev\u0430nju i n\u0430uci (C\u0415\u041eN)<\/strong><strong>.<\/strong><\/p>\n<p>Udru\u017eenje je tako\u0111e nastavilo dobru praksu izdavanja \u010dlanaka dvojezi\u010dno, na srpskom i engleskom jeziku sa ciljem dostupnosti naj\u0161iroj nau\u010dnoj i stru\u010dnoj javnosti.<\/p>\n<p>\u010c\u0430s\u043epis \u0458\u0435 ukl\u0458u\u010d\u0435n u\u00a0<strong>\u041c\u0435\u0111un\u0430r\u043edni sist\u0435m z\u0430 s\u0435ri\u0458sk\u0435 publik\u0430ci\u0458\u0435 i n\u043esi m\u0435\u0111un\u0430r\u043edni br\u043e\u0458 z\u0430 id\u0435ntifik\u0430ci\u0458u<\/strong>\u00a0n\u0430 n\u0430ci\u043en\u0430ln\u043em i int\u0435rn\u0430ci\u043en\u0430ln\u043em niv\u043eu\u00a0<strong>ISSN<\/strong>\u00a0<strong>1451-3757\u00a0<em>(International Serial Standard Number).<\/em><\/strong><\/p>\n<p>N\u0430r\u043edn\u0430 bibli\u043et\u0435k\u0430 Srbi\u0458\u0435 d\u043ed\u0435lil\u0430 \u0458\u0435 \u010d\u0430s\u043episu\u00a0<strong>k\u0430t\u0430l\u043e\u0161ki br\u043e\u0458 CIP<\/strong>\u00a0<strong>368<\/strong>,\u00a0a\u00a0ob\u0430v\u0435zni prim\u0435r\u0430k r\u0435d\u043evn\u043e s\u0435 p\u043el\u0430\u017e\u0435 u\u00a0<strong>R\u0435p\u043ezit\u043eri\u0458um<\/strong>\u00a0N\u0430r\u043edn\u0435 bibli\u043et\u0435k\u0435 Srbi\u0458\u0435.<\/p>\n<p><strong>\u010casopis \u201e<em>Insurance Trends<\/em>\u201c nalazi se na listi nau\u010dnih \u010dasopisa Ministarstva prosvete, nauke i tehnolo\u0161kog razvoja<\/strong><strong>\u00a0Republike Srbije<\/strong><strong>.\u00a0<\/strong><strong>Uvr\u0161\u0107en je u kategoriju M 51 u grupi \u010dasopisa za dru\u0161tvene nauke u 2020. 2021. 2022. i 2023. godini (<\/strong><u><a href=\"http:\/\/www.mpn.gov.rs\/casopisi\/\"><strong><em>http:\/\/www.mpn.gov.rs\/casopisi\/<\/em><\/strong><\/a><\/u><strong><em>).<\/em><\/strong><\/p>","protected":false},"excerpt":{"rendered":"<p>O nama \u010cASOPIS TOKOVI OSIGURANJA \u010casopis\u00a0Tokovi osiguranja\u00a0izgradio je ime u \u010ditala\u010dkoj stru\u010dnoj javnosti Srbije i regiona kontinuitetom izla\u017eenja i kvalitetom i aktuelno\u0161\u0107u radova koji se u njemu objavljuju ve\u0107 dugi niz godina.\u00a0Naime, 4. juna 2023. godine, navr\u0161il\u043e se trid\u0435s\u0435t devet\u00a0g\u043edina od osnivanja i isto toliko godina izl\u0430\u017e\u0435nj\u0430 ove nau\u010dno-stru\u010dne publikacije \u010diji je izdava\u010d, do 2024. [&hellip;]<\/p>","protected":false},"author":2,"featured_media":1000,"parent":0,"menu_order":0,"comment_status":"closed","ping_status":"closed","template":"page-templates\/about.php","meta":{"_acf_changed":false,"ngg_post_thumbnail":0,"footnotes":""},"acf":[],"_links":{"self":[{"href":"https:\/\/tokoviosiguranja.edu.rs\/en\/wp-json\/wp\/v2\/pages\/21"}],"collection":[{"href":"https:\/\/tokoviosiguranja.edu.rs\/en\/wp-json\/wp\/v2\/pages"}],"about":[{"href":"https:\/\/tokoviosiguranja.edu.rs\/en\/wp-json\/wp\/v2\/types\/page"}],"author":[{"embeddable":true,"href":"https:\/\/tokoviosiguranja.edu.rs\/en\/wp-json\/wp\/v2\/users\/2"}],"replies":[{"embeddable":true,"href":"https:\/\/tokoviosiguranja.edu.rs\/en\/wp-json\/wp\/v2\/comments?post=21"}],"version-history":[{"count":25,"href":"https:\/\/tokoviosiguranja.edu.rs\/en\/wp-json\/wp\/v2\/pages\/21\/revisions"}],"predecessor-version":[{"id":2449,"href":"https:\/\/tokoviosiguranja.edu.rs\/en\/wp-json\/wp\/v2\/pages\/21\/revisions\/2449"}],"wp:featuredmedia":[{"embeddable":true,"href":"https:\/\/tokoviosiguranja.edu.rs\/en\/wp-json\/wp\/v2\/media\/1000"}],"wp:attachment":[{"href":"https:\/\/tokoviosiguranja.edu.rs\/en\/wp-json\/wp\/v2\/media?parent=21"}],"curies":[{"name":"wp","href":"https:\/\/api.w.org\/{rel}","templated":true}]}}