{"id":2299,"date":"2024-03-28T09:20:10","date_gmt":"2024-03-28T09:20:10","guid":{"rendered":"https:\/\/tokoviosiguranja.edu.rs\/?page_id=2299"},"modified":"2025-02-10T09:37:25","modified_gmt":"2025-02-10T09:37:25","slug":"international-editorial-board","status":"publish","type":"page","link":"https:\/\/tokoviosiguranja.edu.rs\/en\/international-editorial-board\/","title":{"rendered":"International editorial board"},"content":{"rendered":"<p><strong>prof. dr Loris Belani\u0107<\/strong>, Univerzitet u Rijeci, Pravni fakultet<br><strong>prof. Abedin Biki\u0107<\/strong>, Univerzitet u Sarajevu, Pravni fakultet<br><strong>prof. dr Angelo Borselli<\/strong>, Bokoni Univerzitet, Pravni fakultet<br><strong>prof. dr Radovan Vukadinovi\u0107<\/strong>, Univerzitet u Banjoj Luci, Pravni fakultet<br><strong>prof. dr Mateja \u0110urovi\u0107<\/strong>, King College, London, Pravni fakultet<br><strong>prof. dr emeritus \u0160ime Ivanjko<\/strong>, Univerzitet u Mariboru, Pravni fakultet<br><strong>prof. dr Helmut Heiss<\/strong>, Univerzitet u Cirihu, \u0160vajcarska<br><strong>prof. dr Nikolina Maleta<\/strong>, Univerzitet u Mostaru, Pravni fakultet<br><strong>prof. dr Pierpaolo Marano<\/strong>, Katoli\u010dki univerzitet Svetog srca u Milanu, Fakultet za nauku bankarstva, finansija i osiguranja<br><strong>prof. dr Jasenko Marin<\/strong>, Univerzitet u Zagrebu, Pravni fakultet<br><strong>prof. dr Zlatan Me\u0161ki\u0107<\/strong>, Prince Sultan Univerzitet u Riadu, Pravni fakultet<br><strong>prof. dr Emilija Mi\u0161\u0107eni\u0107<\/strong>, Univerzitet u Rijeci, Pravni fakultet<br><strong>prof. dr Damjan Mo\u017eina<\/strong>, Univerzitet u Ljubljani, Pravni fakultet<br><strong>prof. dr Vitomir Popovi\u0107<\/strong>, Univerzitet u Banjoj Luci, Pravni fakultet<br><strong>prof. dr dr Wolfgang Rohrbach<\/strong>, Univerzitet u Be\u010du, Ekonomski fakultet<br><strong>prof. dr Piotr Tereszkiewicz<\/strong>, Univerzitet u Krakovu, Pravni fakultet<br><strong>prof. dr Marijan \u0106urkovi\u0107<\/strong>, Univerzitet u Zagrebu, Pravni fakultet<\/p>","protected":false},"excerpt":{"rendered":"<p>prof. dr Loris Belani\u0107, Univerzitet u Rijeci, Pravni fakultetprof. Abedin Biki\u0107, Univerzitet u Sarajevu, Pravni fakultetprof. dr Angelo Borselli, Bokoni Univerzitet, Pravni fakultetprof. dr Radovan Vukadinovi\u0107, Univerzitet u Banjoj Luci, Pravni fakultetprof. dr Mateja \u0110urovi\u0107, King College, London, Pravni fakultetprof. dr emeritus \u0160ime Ivanjko, Univerzitet u Mariboru, Pravni fakultetprof. dr Helmut Heiss, Univerzitet u Cirihu, [&hellip;]<\/p>","protected":false},"author":6,"featured_media":0,"parent":0,"menu_order":0,"comment_status":"closed","ping_status":"closed","template":"page-templates\/international-board.php","meta":{"_acf_changed":false,"ngg_post_thumbnail":0,"footnotes":""},"acf":[],"_links":{"self":[{"href":"https:\/\/tokoviosiguranja.edu.rs\/en\/wp-json\/wp\/v2\/pages\/2299"}],"collection":[{"href":"https:\/\/tokoviosiguranja.edu.rs\/en\/wp-json\/wp\/v2\/pages"}],"about":[{"href":"https:\/\/tokoviosiguranja.edu.rs\/en\/wp-json\/wp\/v2\/types\/page"}],"author":[{"embeddable":true,"href":"https:\/\/tokoviosiguranja.edu.rs\/en\/wp-json\/wp\/v2\/users\/6"}],"replies":[{"embeddable":true,"href":"https:\/\/tokoviosiguranja.edu.rs\/en\/wp-json\/wp\/v2\/comments?post=2299"}],"version-history":[{"count":4,"href":"https:\/\/tokoviosiguranja.edu.rs\/en\/wp-json\/wp\/v2\/pages\/2299\/revisions"}],"predecessor-version":[{"id":2789,"href":"https:\/\/tokoviosiguranja.edu.rs\/en\/wp-json\/wp\/v2\/pages\/2299\/revisions\/2789"}],"wp:attachment":[{"href":"https:\/\/tokoviosiguranja.edu.rs\/en\/wp-json\/wp\/v2\/media?parent=2299"}],"curies":[{"name":"wp","href":"https:\/\/api.w.org\/{rel}","templated":true}]}}